{"id":21655,"date":"2022-02-28T08:06:30","date_gmt":"2022-02-28T08:06:30","guid":{"rendered":"http:\/\/www.vsaa.lt\/?page_id=21655"},"modified":"2026-02-24T12:14:42","modified_gmt":"2026-02-24T12:14:42","slug":"walking-tours-and-lectures","status":"publish","type":"page","link":"https:\/\/www.vsaa.lt\/en\/walking-tours-and-lectures\/","title":{"rendered":"Walking tours and lectures"},"content":{"rendered":"\t\t<div data-elementor-type=\"wp-page\" data-elementor-id=\"21655\" class=\"elementor elementor-21655\" data-elementor-post-type=\"page\">\n\t\t\t\t\t\t\t\t\t<section class=\"elementor-section elementor-top-section elementor-element elementor-element-bb201db elementor-section-boxed elementor-section-height-default elementor-section-height-default\" data-id=\"bb201db\" data-element_type=\"section\">\n\t\t\t\t\t\t<div class=\"elementor-container elementor-column-gap-default\">\n\t\t\t\t\t<div class=\"elementor-column elementor-col-100 elementor-top-column elementor-element elementor-element-24d8667\" data-id=\"24d8667\" data-element_type=\"column\">\n\t\t\t<div class=\"elementor-widget-wrap elementor-element-populated\">\n\t\t\t\t\t\t\t\t<div class=\"elementor-element elementor-element-bb9a5c7 elementor-widget elementor-widget-text-editor\" data-id=\"bb9a5c7\" data-element_type=\"widget\" data-widget_type=\"text-editor.default\">\n\t\t\t\t<div class=\"elementor-widget-container\">\n\t\t\t<style>\/*! elementor - v3.18.0 - 20-12-2023 *\/\n.elementor-widget-text-editor.elementor-drop-cap-view-stacked .elementor-drop-cap{background-color:#69727d;color:#fff}.elementor-widget-text-editor.elementor-drop-cap-view-framed .elementor-drop-cap{color:#69727d;border:3px solid;background-color:transparent}.elementor-widget-text-editor:not(.elementor-drop-cap-view-default) .elementor-drop-cap{margin-top:8px}.elementor-widget-text-editor:not(.elementor-drop-cap-view-default) .elementor-drop-cap-letter{width:1em;height:1em}.elementor-widget-text-editor .elementor-drop-cap{float:left;text-align:center;line-height:1;font-size:50px}.elementor-widget-text-editor .elementor-drop-cap-letter{display:inline-block}<\/style>\t\t\t\t<p>Walking tour\u00a0<strong>\u201cVilnius Old Town \u2013 UNESCO world heritage\u201d,\u00a0<\/strong>1,5\u00a0 hours walking tour (in English), price 100 euros.\u00a0<strong><br \/><\/strong>Lecture \u201cVilnius Old Town \u2013 UNESCO world heritage\u201d, 1 hour (in English), price 100 euros.\u00a0<strong><br \/><\/strong>Outstanding universal world heritage value of Vilnius historic centre will be presented including urban development history, architectural styles and the implementation of renewal projects.<br \/>Number of participants \u2013 up to 20 persons.<\/p><p>Contacts: Tel. +370 601 05488, e-mail: j.raugaliene@vsaa.lt<br \/><br \/><\/p>\t\t\t\t\t\t<\/div>\n\t\t\t\t<\/div>\n\t\t\t\t\t<\/div>\n\t\t<\/div>\n\t\t\t\t\t\t\t<\/div>\n\t\t<\/section>\n\t\t\t\t<section class=\"elementor-section elementor-top-section elementor-element elementor-element-949790d elementor-section-stretched elementor-section-boxed elementor-section-height-default elementor-section-height-default\" data-id=\"949790d\" data-element_type=\"section\" data-settings=\"{&quot;stretch_section&quot;:&quot;section-stretched&quot;}\">\n\t\t\t\t\t\t<div class=\"elementor-container elementor-column-gap-default\">\n\t\t\t\t\t<div class=\"elementor-column elementor-col-100 elementor-top-column elementor-element elementor-element-cf3b503\" data-id=\"cf3b503\" data-element_type=\"column\">\n\t\t\t<div class=\"elementor-widget-wrap elementor-element-populated\">\n\t\t\t\t\t\t\t\t<div class=\"elementor-element elementor-element-bda35fc elementor-arrows-position-inside elementor-pagination-position-outside elementor-widget elementor-widget-image-carousel\" data-id=\"bda35fc\" data-element_type=\"widget\" data-settings=\"{&quot;slides_to_show&quot;:&quot;3&quot;,&quot;slides_to_scroll&quot;:&quot;1&quot;,&quot;autoplay_speed&quot;:2000,&quot;navigation&quot;:&quot;both&quot;,&quot;autoplay&quot;:&quot;yes&quot;,&quot;pause_on_hover&quot;:&quot;yes&quot;,&quot;pause_on_interaction&quot;:&quot;yes&quot;,&quot;infinite&quot;:&quot;yes&quot;,&quot;speed&quot;:500,&quot;image_spacing_custom&quot;:{&quot;unit&quot;:&quot;px&quot;,&quot;size&quot;:20,&quot;sizes&quot;:[]},&quot;image_spacing_custom_tablet&quot;:{&quot;unit&quot;:&quot;px&quot;,&quot;size&quot;:&quot;&quot;,&quot;sizes&quot;:[]},&quot;image_spacing_custom_mobile&quot;:{&quot;unit&quot;:&quot;px&quot;,&quot;size&quot;:&quot;&quot;,&quot;sizes&quot;:[]}}\" data-widget_type=\"image-carousel.default\">\n\t\t\t\t<div class=\"elementor-widget-container\">\n\t\t\t<style>\/*! elementor - v3.18.0 - 20-12-2023 *\/\n.elementor-widget-image-carousel .swiper,.elementor-widget-image-carousel .swiper-container{position:static}.elementor-widget-image-carousel .swiper-container .swiper-slide figure,.elementor-widget-image-carousel .swiper .swiper-slide figure{line-height:inherit}.elementor-widget-image-carousel .swiper-slide{text-align:center}.elementor-image-carousel-wrapper:not(.swiper-container-initialized):not(.swiper-initialized) .swiper-slide{max-width:calc(100% \/ var(--e-image-carousel-slides-to-show, 3))}<\/style>\t\t<div class=\"elementor-image-carousel-wrapper swiper-container\" dir=\"ltr\">\n\t\t\t<div class=\"elementor-image-carousel swiper-wrapper\" aria-live=\"off\">\n\t\t\t\t\t\t\t\t<div class=\"swiper-slide\" role=\"group\" aria-roledescription=\"slide\" aria-label=\"1 of 3\"><a data-elementor-open-lightbox=\"yes\" data-elementor-lightbox-slideshow=\"bda35fc\" data-elementor-lightbox-title=\"Sen\u0173j\u0173 amat\u0173 dirbtuv\u0117s\" data-e-action-hash=\"#elementor-action%3Aaction%3Dlightbox%26settings%3DeyJpZCI6MjE2NTgsInVybCI6Imh0dHBzOlwvXC93d3cudnNhYS5sdFwvd3AtY29udGVudFwvdXBsb2Fkc1wvMjAyMlwvMDJcL0R2YXJvLW1laXN0cmFpLTEuanBnIiwic2xpZGVzaG93IjoiYmRhMzVmYyJ9\" href=\"https:\/\/www.vsaa.lt\/wp-content\/uploads\/2022\/02\/Dvaro-meistrai-1.jpg\"><figure class=\"swiper-slide-inner\"><img decoding=\"async\" class=\"swiper-slide-image\" src=\"https:\/\/www.vsaa.lt\/wp-content\/uploads\/2022\/02\/Dvaro-meistrai-1-768x456.jpg\" alt=\"Sen\u0173j\u0173 amat\u0173 dirbtuv\u0117s\" \/><\/figure><\/a><\/div><div class=\"swiper-slide\" role=\"group\" aria-roledescription=\"slide\" aria-label=\"2 of 3\"><a data-elementor-open-lightbox=\"yes\" data-elementor-lightbox-slideshow=\"bda35fc\" data-elementor-lightbox-title=\"20200912_113359\" data-e-action-hash=\"#elementor-action%3Aaction%3Dlightbox%26settings%3DeyJpZCI6MjE2NjAsInVybCI6Imh0dHBzOlwvXC93d3cudnNhYS5sdFwvd3AtY29udGVudFwvdXBsb2Fkc1wvMjAyMlwvMDJcLzIwMjAwOTEyXzExMzM1OS1zY2FsZWQuanBnIiwic2xpZGVzaG93IjoiYmRhMzVmYyJ9\" href=\"https:\/\/www.vsaa.lt\/wp-content\/uploads\/2022\/02\/20200912_113359-scaled.jpg\"><figure class=\"swiper-slide-inner\"><img decoding=\"async\" class=\"swiper-slide-image\" src=\"https:\/\/www.vsaa.lt\/wp-content\/uploads\/2022\/02\/20200912_113359-768x456.jpg\" alt=\"20200912_113359\" \/><\/figure><\/a><\/div><div class=\"swiper-slide\" role=\"group\" aria-roledescription=\"slide\" aria-label=\"3 of 3\"><a data-elementor-open-lightbox=\"yes\" data-elementor-lightbox-slideshow=\"bda35fc\" data-elementor-lightbox-title=\"MINOLTA DIGITAL CAMERA\" data-e-action-hash=\"#elementor-action%3Aaction%3Dlightbox%26settings%3DeyJpZCI6MjE2NjIsInVybCI6Imh0dHBzOlwvXC93d3cudnNhYS5sdFwvd3AtY29udGVudFwvdXBsb2Fkc1wvMjAyMlwvMDJcLzFfdmFpa2FpcnBfOC5qcGciLCJzbGlkZXNob3ciOiJiZGEzNWZjIn0%3D\" href=\"https:\/\/www.vsaa.lt\/wp-content\/uploads\/2022\/02\/1_vaikairp_8.jpg\"><figure class=\"swiper-slide-inner\"><img decoding=\"async\" class=\"swiper-slide-image\" src=\"https:\/\/www.vsaa.lt\/wp-content\/uploads\/2022\/02\/1_vaikairp_8-768x456.jpg\" alt=\"MINOLTA DIGITAL CAMERA\" \/><\/figure><\/a><\/div>\t\t\t<\/div>\n\t\t\t\t\t\t\t\t\t\t\t\t<div class=\"elementor-swiper-button elementor-swiper-button-prev\" role=\"button\" tabindex=\"0\">\n\t\t\t\t\t\t<i aria-hidden=\"true\" class=\"eicon-chevron-left\"><\/i>\t\t\t\t\t<\/div>\n\t\t\t\t\t<div class=\"elementor-swiper-button elementor-swiper-button-next\" role=\"button\" tabindex=\"0\">\n\t\t\t\t\t\t<i aria-hidden=\"true\" class=\"eicon-chevron-right\"><\/i>\t\t\t\t\t<\/div>\n\t\t\t\t\n\t\t\t\t\t\t\t\t\t<div class=\"swiper-pagination\"><\/div>\n\t\t\t\t\t\t\t\t\t<\/div>\n\t\t\t\t<\/div>\n\t\t\t\t<\/div>\n\t\t\t\t<div class=\"elementor-element elementor-element-425fc78 elementor-widget elementor-widget-text-editor\" data-id=\"425fc78\" data-element_type=\"widget\" data-widget_type=\"text-editor.default\">\n\t\t\t\t<div class=\"elementor-widget-container\">\n\t\t\t\t\t\t\t<p>Walking tour\u00a0<strong>\u201cTraditional Crafts\u2018 Revival in Vilnius\u201d\u00a0<\/strong>\u2013 following the municipal Program on revitalization of traditional crafts craftsmen workshops-galleries could to be visited by the ordered tour: the stained glass (www.stainedglass.lt), traditional flax weaving (www.jurate.eu), the Art Center of Baltic Amber (www.ambergallery.lt), Vilnius Potters\u2019 guild (www.pottery.lt). Every workshop-gallery have their own unique exhibition and\u00a0 workshop space with set of traditional manufacturing instruments. Some of them found thematic expositions, and most of them regularly organizes exhibitions of the art and craft wares.<\/p><p>Duration: 2 \u2013 2.5 hours on foot. Number of participants: up to 15<\/p><p>Tel. +370 5 262 9646, e-mail: i.sakalauskiene@vsaa.lt<\/p>\t\t\t\t\t\t<\/div>\n\t\t\t\t<\/div>\n\t\t\t\t\t<\/div>\n\t\t<\/div>\n\t\t\t\t\t\t\t<\/div>\n\t\t<\/section>\n\t\t\t\t\t\t\t<\/div>\n\t\t","protected":false},"excerpt":{"rendered":"<p>Walking tour\u00a0\u201cVilnius Old Town \u2013 UNESCO world heritage\u201d,\u00a01,5\u00a0 hours walking tour (in English), price 100 euros.\u00a0Lecture \u201cVilnius Old Town \u2013 UNESCO world heritage\u201d, 1 hour (in English), price 100 euros.\u00a0Outstanding universal world heritage value of Vilnius historic centre will be presented including urban development history, architectural styles and the implementation of renewal projects.Number of participants<\/p>\n","protected":false},"author":1,"featured_media":0,"parent":0,"menu_order":0,"comment_status":"closed","ping_status":"closed","template":"","meta":{"footnotes":""},"class_list":["post-21655","page","type-page","status-publish","hentry"],"_links":{"self":[{"href":"https:\/\/www.vsaa.lt\/en\/wp-json\/wp\/v2\/pages\/21655","targetHints":{"allow":["GET"]}}],"collection":[{"href":"https:\/\/www.vsaa.lt\/en\/wp-json\/wp\/v2\/pages"}],"about":[{"href":"https:\/\/www.vsaa.lt\/en\/wp-json\/wp\/v2\/types\/page"}],"author":[{"embeddable":true,"href":"https:\/\/www.vsaa.lt\/en\/wp-json\/wp\/v2\/users\/1"}],"replies":[{"embeddable":true,"href":"https:\/\/www.vsaa.lt\/en\/wp-json\/wp\/v2\/comments?post=21655"}],"version-history":[{"count":14,"href":"https:\/\/www.vsaa.lt\/en\/wp-json\/wp\/v2\/pages\/21655\/revisions"}],"predecessor-version":[{"id":28536,"href":"https:\/\/www.vsaa.lt\/en\/wp-json\/wp\/v2\/pages\/21655\/revisions\/28536"}],"wp:attachment":[{"href":"https:\/\/www.vsaa.lt\/en\/wp-json\/wp\/v2\/media?parent=21655"}],"curies":[{"name":"wp","href":"https:\/\/api.w.org\/{rel}","templated":true}]}}