{"id":21667,"date":"2022-02-28T08:10:25","date_gmt":"2022-02-28T08:10:25","guid":{"rendered":"http:\/\/www.vsaa.lt\/?page_id=21667"},"modified":"2022-11-04T09:07:06","modified_gmt":"2022-11-04T09:07:06","slug":"publications-and-exhibitions","status":"publish","type":"page","link":"https:\/\/www.vsaa.lt\/en\/publications-and-exhibitions\/","title":{"rendered":"Publications and exhibitions"},"content":{"rendered":"\t\t<div data-elementor-type=\"wp-page\" data-elementor-id=\"21667\" class=\"elementor elementor-21667\" data-elementor-post-type=\"page\">\n\t\t\t\t\t\t\t\t\t<section class=\"elementor-section elementor-top-section elementor-element elementor-element-2601ee5 elementor-section-boxed elementor-section-height-default elementor-section-height-default\" data-id=\"2601ee5\" data-element_type=\"section\">\n\t\t\t\t\t\t<div class=\"elementor-container elementor-column-gap-default\">\n\t\t\t\t\t<div class=\"elementor-column elementor-col-100 elementor-top-column elementor-element elementor-element-768f8ad\" data-id=\"768f8ad\" data-element_type=\"column\">\n\t\t\t<div class=\"elementor-widget-wrap elementor-element-populated\">\n\t\t\t\t\t\t\t\t<div class=\"elementor-element elementor-element-2af444c elementor-widget elementor-widget-text-editor\" data-id=\"2af444c\" data-element_type=\"widget\" data-widget_type=\"text-editor.default\">\n\t\t\t\t<div class=\"elementor-widget-container\">\n\t\t\t<style>\/*! elementor - v3.18.0 - 20-12-2023 *\/\n.elementor-widget-text-editor.elementor-drop-cap-view-stacked .elementor-drop-cap{background-color:#69727d;color:#fff}.elementor-widget-text-editor.elementor-drop-cap-view-framed .elementor-drop-cap{color:#69727d;border:3px solid;background-color:transparent}.elementor-widget-text-editor:not(.elementor-drop-cap-view-default) .elementor-drop-cap{margin-top:8px}.elementor-widget-text-editor:not(.elementor-drop-cap-view-default) .elementor-drop-cap-letter{width:1em;height:1em}.elementor-widget-text-editor .elementor-drop-cap{float:left;text-align:center;line-height:1;font-size:50px}.elementor-widget-text-editor .elementor-drop-cap-letter{display:inline-block}<\/style>\t\t\t\t<h5 class=\"ProductHeading__product-heading__wGhnq__0-0-1575 ProductHeading__product-heading--xs__8Y-ve__0-0-1575\" data-testid=\"document-title\"><a href=\"https:\/\/issuu.com\/vilniusoldtownagency\/docs\/stebuklas-vardu_vilnius.issuu?fbclid=IwAR18dFMU7PD4oj82GPh5NzRMznQIKuFQsdOC7JP_Nry64PGYBismsHnYNJc\">Stebuklas vardu Vilnius (LT)<\/a><\/h5><p><strong><em>Patrimonito<\/em>\u00a0in Vilnius Old Town\u00a0<\/strong>(LT), 2020<\/p><p><strong><a href=\"..\/..\/..\/naujas\/wp-content\/uploads\/2015\/12\/VSAA_Amatu_lankstinukas_594x210mm.pdf\" target=\"_blank\" rel=\"noopener\">What do you know about old crafts<\/a>\u00a0<\/strong>(LT), 2020<strong><a href=\"http:\/\/vdaa.lt\/wp-content\/uploads\/2019\/12\/web_EN_leidinys_AMATU-ATSPINDZIAI.pdf\" target=\"_blank\" rel=\"noopener\"><br \/>Craft Reflections in Romantic Vilnius\u00a0<\/a><\/strong>(LT, EN), 2019<\/p><p>\u201eVilniaus miesto gynybin\u0117 siena\u201c (LT)<\/p><p><a href=\"..\/..\/..\/3_liet_sost.pdf\" target=\"_blank\" rel=\"noopener\">\u201eIstorin\u0117s Lietuvos sostin\u0117s: Kernav\u0117, Trakai, Vilnius\u201c<\/a><\/p><p><a href=\"..\/..\/..\/3capitals.pdf\" target=\"_blank\" rel=\"noopener\">\u201eRoute of the UNESCO World Heritage Cities in the Baltic States\u201c\u00a0<\/a>(LT, EN, RU)<\/p><p><i><b>\u00a0<\/b><\/i><a href=\"..\/..\/..\/apsaugokime_pavelda_nuo_pavoju.pdf\" target=\"_blank\" rel=\"noopener\">\u201eApsaugokime Kult\u016bros paveld\u0105 nuo galim\u0173 pavoj\u0173\u201c<\/a>\u00a0(LT)<\/p><p><i><b>\u00a0<\/b><\/i><a href=\"..\/..\/..\/amatu_leidinys_m.pdf\" target=\"_blank\" rel=\"noopener\">\u201eCrafts of Vilnius Region: History and Present\u201c<\/a>\u00a0(LT, EN)<\/p><p><a href=\"..\/..\/..\/architekturos-stiliai.pdf\" target=\"_blank\" rel=\"noopener\">\u201eVilniaus senamies\u010dio architekt\u016bros stiliai<\/a>\u201c (LT)<\/p><p>\u201e<a href=\"..\/..\/..\/_med_10taisykliu.html\">10 patarim\u0173 medini\u0173 pastat\u0173 savininkams ir naudotojams kaip pri\u017ei\u016br\u0117ti pastato i\u0161or\u0119<\/a>\u201c (LT, RU, PL)<\/p><p>All publications\u00a0<a href=\"..\/..\/..\/_leidiniai.html\" target=\"_blank\" rel=\"noopener\">(archyvas)<\/a><\/p><p><strong>Exhibitions prepared by the Agency:<\/strong><\/p><p><strong><a href=\"..\/..\/..\/naujas\/wp-content\/uploads\/2019\/05\/Paroda-Vilnius-UNESCO-251.pdf\" target=\"_blank\" rel=\"noopener\">\u201cPreservation and Maintenance of Vilnius Old Town 1994 \u2013 2019\u201d<\/a><\/strong>\u00a0(LT, EN)<br \/><a href=\"..\/..\/..\/_paroda_sodu.html\">\u201eIstoriniai Vilniaus miesto sodai ir parkai<\/a>\u201c<br \/><a href=\"..\/..\/..\/_paroda_aukstybiniu.html\">\u201eAuk\u0161tybiniai pastatai ir istorinis miesto centras\u201d<\/a><br \/><a href=\"..\/..\/..\/_paroda_medine.html\">\u201eMedin\u0117 architekt\u016bra Vilniaus mieste\u201d<\/a><br \/><a href=\"..\/..\/..\/_paroda_amatu.html\">\u201eVilniaus tradicini\u0173 amat\u0173 paveldas\u201c<\/a><\/p><p>Foto paroda \u201ePasaulio paveldo miestai\u201c<br \/>Fotografo D.Ramaniuk Vilniaus foto paroda \u201eVilniaus senamies\u010dio vaizdai\u201c<br \/>Vilniaus mokykl\u0173 moksleivi\u0173 foto paroda \u201eGyvename sename Europos mieste\u201c<br \/><a href=\"..\/..\/..\/moksleiviu_paroda.pdf\" target=\"_blank\" rel=\"noopener\">Vilniaus mokykl\u0173 moksleivi\u0173 foto paroda \u201eVilniaus senamiestis moksleivi\u0173 akimis\u201c<\/a><\/p><p align=\"left\"><b><\/b><b>You can\u00a0get the publications and see the exhibitions in the Agency (Stiklu St. 4)<\/b><\/p>\t\t\t\t\t\t<\/div>\n\t\t\t\t<\/div>\n\t\t\t\t\t<\/div>\n\t\t<\/div>\n\t\t\t\t\t\t\t<\/div>\n\t\t<\/section>\n\t\t\t\t\t\t\t<\/div>\n\t\t","protected":false},"excerpt":{"rendered":"<p>Stebuklas vardu Vilnius (LT) Patrimonito\u00a0in Vilnius Old Town\u00a0(LT), 2020 What do you know about old crafts\u00a0(LT), 2020Craft Reflections in Romantic Vilnius\u00a0(LT, EN), 2019 \u201eVilniaus miesto gynybin\u0117 siena\u201c (LT) \u201eIstorin\u0117s Lietuvos sostin\u0117s: Kernav\u0117, Trakai, Vilnius\u201c \u201eRoute of the UNESCO World Heritage Cities in the Baltic States\u201c\u00a0(LT, EN, RU) \u00a0\u201eApsaugokime Kult\u016bros paveld\u0105 nuo galim\u0173 pavoj\u0173\u201c\u00a0(LT) \u00a0\u201eCrafts of<\/p>\n","protected":false},"author":1,"featured_media":0,"parent":0,"menu_order":0,"comment_status":"closed","ping_status":"closed","template":"","meta":{"footnotes":""},"class_list":["post-21667","page","type-page","status-publish","hentry"],"_links":{"self":[{"href":"https:\/\/www.vsaa.lt\/en\/wp-json\/wp\/v2\/pages\/21667","targetHints":{"allow":["GET"]}}],"collection":[{"href":"https:\/\/www.vsaa.lt\/en\/wp-json\/wp\/v2\/pages"}],"about":[{"href":"https:\/\/www.vsaa.lt\/en\/wp-json\/wp\/v2\/types\/page"}],"author":[{"embeddable":true,"href":"https:\/\/www.vsaa.lt\/en\/wp-json\/wp\/v2\/users\/1"}],"replies":[{"embeddable":true,"href":"https:\/\/www.vsaa.lt\/en\/wp-json\/wp\/v2\/comments?post=21667"}],"version-history":[{"count":10,"href":"https:\/\/www.vsaa.lt\/en\/wp-json\/wp\/v2\/pages\/21667\/revisions"}],"predecessor-version":[{"id":23738,"href":"https:\/\/www.vsaa.lt\/en\/wp-json\/wp\/v2\/pages\/21667\/revisions\/23738"}],"wp:attachment":[{"href":"https:\/\/www.vsaa.lt\/en\/wp-json\/wp\/v2\/media?parent=21667"}],"curies":[{"name":"wp","href":"https:\/\/api.w.org\/{rel}","templated":true}]}}