{"id":21777,"date":"2022-02-28T10:38:46","date_gmt":"2022-02-28T10:38:46","guid":{"rendered":"http:\/\/www.vsaa.lt\/?page_id=21777"},"modified":"2022-03-09T13:23:25","modified_gmt":"2022-03-09T13:23:25","slug":"films-short-about-vilnius-crafts","status":"publish","type":"page","link":"https:\/\/www.vsaa.lt\/en\/films-short-about-vilnius-crafts\/","title":{"rendered":"Films (short) about Vilnius crafts"},"content":{"rendered":"<p>Due to the Covid-19 crisis, many beautiful events of&nbsp;<a href=\"..\/european-artistic-crafts-days-2018\/index.html\" target=\"_blank\" rel=\"noopener\">European Artistic Crafts Days<\/a>&nbsp;(EACD) 2020 had to be cancelled in Lithuania (Vilnius, Kaunas and Trakai) and&nbsp;&nbsp;<a href=\"https:\/\/www.journeesdesmetiersdart.fr\/actualite\/confinement-decouvrez-les-contenus-jeunesse-metiers-dart\" target=\"_blank\" rel=\"noopener\">all over Europe<\/a>. There were more than 30 educational events, 4 exhibitions and several meetings with craftsmen planned in Vilnius in 2020. The EACD would be celebrated in Vilnius for the 6th time.<\/p>\n<p>EACD are organized in Vilnius by&nbsp;the Old Town Renewal Agency and Vilnius Artistic Crafts Association since 2015; and supported by Vilnius City Municipality. The financial support was allocated for EACD 2020 as well. Due to the changed circumstances, it was decided to use the budget for the creation of 5 short films about craftsmen and their work:<\/p>\n\n\n<figure class=\"wp-block-embed is-type-video is-provider-youtube wp-block-embed-youtube wp-embed-aspect-16-9 wp-has-aspect-ratio\"><div class=\"wp-block-embed__wrapper\">\n<iframe title=\"Europos daili\u0173j\u0173 amat\u0173 dienos 2020 | Intro\" width=\"500\" height=\"281\" src=\"https:\/\/www.youtube.com\/embed\/0lXZ5KZ6U7w?start=1&#038;feature=oembed\" frameborder=\"0\" allow=\"accelerometer; autoplay; clipboard-write; encrypted-media; gyroscope; picture-in-picture; web-share\" referrerpolicy=\"strict-origin-when-cross-origin\" allowfullscreen><\/iframe>\n<\/div><\/figure>\n\n\n\n<figure class=\"wp-block-embed is-type-video is-provider-youtube wp-block-embed-youtube wp-embed-aspect-16-9 wp-has-aspect-ratio\"><div class=\"wp-block-embed__wrapper\">\n<iframe title=\"Europos daili\u0173j\u0173 amat\u0173 dienos 2020 | Senoji juvelyrika\" width=\"500\" height=\"281\" src=\"https:\/\/www.youtube.com\/embed\/LQQ5XVRpGNg?start=1&#038;feature=oembed\" frameborder=\"0\" allow=\"accelerometer; autoplay; clipboard-write; encrypted-media; gyroscope; picture-in-picture; web-share\" referrerpolicy=\"strict-origin-when-cross-origin\" allowfullscreen><\/iframe>\n<\/div><\/figure>\n\n\n\n<figure class=\"wp-block-embed is-type-video is-provider-youtube wp-block-embed-youtube wp-embed-aspect-16-9 wp-has-aspect-ratio\"><div class=\"wp-block-embed__wrapper\">\n<iframe title=\"Europos daili\u0173j\u0173 amat\u0173 dienos 2020 | Vitra\u017eo amatas\" width=\"500\" height=\"281\" src=\"https:\/\/www.youtube.com\/embed\/_AHszDVXK1s?feature=oembed\" frameborder=\"0\" allow=\"accelerometer; autoplay; clipboard-write; encrypted-media; gyroscope; picture-in-picture; web-share\" referrerpolicy=\"strict-origin-when-cross-origin\" allowfullscreen><\/iframe>\n<\/div><\/figure>\n\n\n\n<figure class=\"wp-block-embed is-type-video is-provider-youtube wp-block-embed-youtube wp-embed-aspect-16-9 wp-has-aspect-ratio\"><div class=\"wp-block-embed__wrapper\">\n<iframe title=\"Europos daili\u0173j\u0173 amat\u0173 dienos 2020 | Senoji keramika\" width=\"500\" height=\"281\" src=\"https:\/\/www.youtube.com\/embed\/ezfTaXyf2Vw?start=22&#038;feature=oembed\" frameborder=\"0\" allow=\"accelerometer; autoplay; clipboard-write; encrypted-media; gyroscope; picture-in-picture; web-share\" referrerpolicy=\"strict-origin-when-cross-origin\" allowfullscreen><\/iframe>\n<\/div><\/figure>\n\n\n\n<figure class=\"wp-block-embed is-type-video is-provider-youtube wp-block-embed-youtube wp-embed-aspect-16-9 wp-has-aspect-ratio\"><div class=\"wp-block-embed__wrapper\">\n<iframe title=\"Europos daili\u0173j\u0173 amat\u0173 dienos 2020 | Rankinis audimas stakl\u0117mis\" width=\"500\" height=\"281\" src=\"https:\/\/www.youtube.com\/embed\/JcbzEAaayqc?start=4&#038;feature=oembed\" frameborder=\"0\" allow=\"accelerometer; autoplay; clipboard-write; encrypted-media; gyroscope; picture-in-picture; web-share\" referrerpolicy=\"strict-origin-when-cross-origin\" allowfullscreen><\/iframe>\n<\/div><\/figure>\n","protected":false},"excerpt":{"rendered":"<p>Due to the Covid-19 crisis, many beautiful events of&nbsp;European Artistic Crafts Days&nbsp;(EACD) 2020 had to be cancelled in Lithuania (Vilnius, Kaunas and Trakai) and&nbsp;&nbsp;all over Europe. There were more than 30 educational events, 4 exhibitions and several meetings with craftsmen planned in Vilnius in 2020. The EACD would be celebrated in Vilnius for the 6th<\/p>\n","protected":false},"author":1,"featured_media":0,"parent":0,"menu_order":0,"comment_status":"closed","ping_status":"closed","template":"","meta":{"footnotes":""},"class_list":["post-21777","page","type-page","status-publish","hentry"],"_links":{"self":[{"href":"https:\/\/www.vsaa.lt\/en\/wp-json\/wp\/v2\/pages\/21777","targetHints":{"allow":["GET"]}}],"collection":[{"href":"https:\/\/www.vsaa.lt\/en\/wp-json\/wp\/v2\/pages"}],"about":[{"href":"https:\/\/www.vsaa.lt\/en\/wp-json\/wp\/v2\/types\/page"}],"author":[{"embeddable":true,"href":"https:\/\/www.vsaa.lt\/en\/wp-json\/wp\/v2\/users\/1"}],"replies":[{"embeddable":true,"href":"https:\/\/www.vsaa.lt\/en\/wp-json\/wp\/v2\/comments?post=21777"}],"version-history":[{"count":7,"href":"https:\/\/www.vsaa.lt\/en\/wp-json\/wp\/v2\/pages\/21777\/revisions"}],"predecessor-version":[{"id":22420,"href":"https:\/\/www.vsaa.lt\/en\/wp-json\/wp\/v2\/pages\/21777\/revisions\/22420"}],"wp:attachment":[{"href":"https:\/\/www.vsaa.lt\/en\/wp-json\/wp\/v2\/media?parent=21777"}],"curies":[{"name":"wp","href":"https:\/\/api.w.org\/{rel}","templated":true}]}}