{"id":21949,"date":"2022-02-28T13:35:48","date_gmt":"2022-02-28T13:35:48","guid":{"rendered":"http:\/\/www.vsaa.lt\/?page_id=21949"},"modified":"2024-10-29T13:12:31","modified_gmt":"2024-10-29T13:12:31","slug":"contacts","status":"publish","type":"page","link":"https:\/\/www.vsaa.lt\/en\/contacts\/","title":{"rendered":"Contacts"},"content":{"rendered":"\t\t<div data-elementor-type=\"wp-page\" data-elementor-id=\"21949\" class=\"elementor elementor-21949\" data-elementor-post-type=\"page\">\n\t\t\t\t\t\t\t\t\t<section class=\"elementor-section elementor-top-section elementor-element elementor-element-5606fa20 elementor-section-boxed elementor-section-height-default elementor-section-height-default\" data-id=\"5606fa20\" data-element_type=\"section\">\n\t\t\t\t\t\t<div class=\"elementor-container elementor-column-gap-default\">\n\t\t\t\t\t<div class=\"elementor-column elementor-col-100 elementor-top-column elementor-element elementor-element-e5c3184\" data-id=\"e5c3184\" data-element_type=\"column\">\n\t\t\t<div class=\"elementor-widget-wrap elementor-element-populated\">\n\t\t\t\t\t\t\t\t<div class=\"elementor-element elementor-element-1b2a8ccd elementor-widget elementor-widget-image\" data-id=\"1b2a8ccd\" data-element_type=\"widget\" data-widget_type=\"image.default\">\n\t\t\t\t<div class=\"elementor-widget-container\">\n\t\t\t<style>\/*! elementor - v3.18.0 - 20-12-2023 *\/\n.elementor-widget-image{text-align:center}.elementor-widget-image a{display:inline-block}.elementor-widget-image a img[src$=\".svg\"]{width:48px}.elementor-widget-image img{vertical-align:middle;display:inline-block}<\/style>\t\t\t\t\t\t\t\t\t\t\t\t\t<a href=\"https:\/\/www.vsaa.lt\/wp-content\/uploads\/2024\/10\/Kolektyvas1-scaled.jpg\" data-elementor-open-lightbox=\"yes\" data-elementor-lightbox-title=\"Kolektyvas1\" data-e-action-hash=\"#elementor-action%3Aaction%3Dlightbox%26settings%3DeyJpZCI6MjcyNTQsInVybCI6Imh0dHBzOlwvXC93d3cudnNhYS5sdFwvd3AtY29udGVudFwvdXBsb2Fkc1wvMjAyNFwvMTBcL0tvbGVrdHl2YXMxLXNjYWxlZC5qcGcifQ%3D%3D\">\n\t\t\t\t\t\t\t<img fetchpriority=\"high\" decoding=\"async\" width=\"768\" height=\"456\" src=\"https:\/\/www.vsaa.lt\/wp-content\/uploads\/2024\/10\/Kolektyvas1-768x456.jpg\" class=\"attachment-medium size-medium wp-image-27254\" alt=\"\" srcset=\"https:\/\/www.vsaa.lt\/wp-content\/uploads\/2024\/10\/Kolektyvas1-768x456.jpg 768w, https:\/\/www.vsaa.lt\/wp-content\/uploads\/2024\/10\/Kolektyvas1-1170x694.jpg 1170w\" sizes=\"(max-width: 768px) 100vw, 768px\" \/>\t\t\t\t\t\t\t\t<\/a>\n\t\t\t\t\t\t\t\t\t\t\t\t\t\t\t<\/div>\n\t\t\t\t<\/div>\n\t\t\t\t\t<\/div>\n\t\t<\/div>\n\t\t\t\t\t\t\t<\/div>\n\t\t<\/section>\n\t\t\t\t<section class=\"elementor-section elementor-top-section elementor-element elementor-element-343a68 elementor-section-boxed elementor-section-height-default elementor-section-height-default\" data-id=\"343a68\" data-element_type=\"section\">\n\t\t\t\t\t\t<div class=\"elementor-container elementor-column-gap-default\">\n\t\t\t\t\t<div class=\"elementor-column elementor-col-50 elementor-top-column elementor-element elementor-element-11331975 pr-lg-4\" data-id=\"11331975\" data-element_type=\"column\" data-settings=\"{&quot;background_background&quot;:&quot;classic&quot;}\">\n\t\t\t<div class=\"elementor-widget-wrap elementor-element-populated\">\n\t\t\t\t\t\t\t\t<div class=\"elementor-element elementor-element-502ebe88 elementor-widget elementor-widget-egovenzsectiontitle\" data-id=\"502ebe88\" data-element_type=\"widget\" data-widget_type=\"egovenzsectiontitle.default\">\n\t\t\t\t<div class=\"elementor-widget-container\">\n\t\t\t<div class=\"section-title-wrapper\"><div class=\"title-wrap\"><h4 class=\"section-title\">Contacts<\/h4><span class=\"title-separator separator-border theme-color-bg\"><\/span><\/div><!-- .title-wrap --><div class=\"section-description\"><\/div><!-- .section-description --><\/div><!-- .section-title-wrapper -->\t\t<\/div>\n\t\t\t\t<\/div>\n\t\t\t\t<div class=\"elementor-element elementor-element-428df57c elementor-widget elementor-widget-egovenzfeaturebox\" data-id=\"428df57c\" data-element_type=\"widget\" data-widget_type=\"egovenzfeaturebox.default\">\n\t\t\t\t<div class=\"elementor-widget-container feature-box-wrapper shortcode-rand-1 egovenz-inline-css\" data-css=\"&quot;.shortcode-rand-1.feature-box-wrapper .feature-box-inner &gt; *:nth-child(1), .shortcode-rand-1.feature-box-wrapper &gt; .media &gt; .media-body &gt; *:nth-child(1) { margin-bottom: 10px; }&quot;\">\r\n\t\t\t<div class=\"media\"><div class=\"media-icon-part\"><div class=\"feature-box-icon\"><span class=\"text-center icon-theme-color squared ti-email\"><\/span><\/div><\/div><div class=\"media-body\"><div class=\"fbox-content\">Director Juozapas Bla\u017ei\u016bnas<\/br>\nTel. +370 689 71098<\/br>\nEmail: j.blaziunas@vsaa.lt<\/div><\/div><!-- .media-body --><\/div><!-- .media -->\t\t<\/div>\r\n\t\t\t\t<\/div>\n\t\t\t\t<div class=\"elementor-element elementor-element-3abe4eaa elementor-widget elementor-widget-egovenzfeaturebox\" data-id=\"3abe4eaa\" data-element_type=\"widget\" data-widget_type=\"egovenzfeaturebox.default\">\n\t\t\t\t<div class=\"elementor-widget-container feature-box-wrapper shortcode-rand-2 egovenz-inline-css\" data-css=\"&quot;.shortcode-rand-2.feature-box-wrapper .feature-box-inner &gt; *:nth-child(1), .shortcode-rand-2.feature-box-wrapper &gt; .media &gt; .media-body &gt; *:nth-child(1) { margin-bottom: 10px; }&quot;\">\r\n\t\t\t<div class=\"media\"><div class=\"media-icon-part\"><div class=\"feature-box-icon\"><span class=\"text-center icon-theme-color squared ti-email\"><\/span><\/div><\/div><div class=\"media-body\"><div class=\"fbox-content\">Projects, international communication: J\u016brat\u0117 Raugalien\u0117<\/br>\nTel. +370 601 05488 <\/br>\nEmail: j.raugaliene@vsaa.lt<\/div><\/div><!-- .media-body --><\/div><!-- .media -->\t\t<\/div>\r\n\t\t\t\t<\/div>\n\t\t\t\t<div class=\"elementor-element elementor-element-c3c36e0 elementor-widget elementor-widget-egovenzfeaturebox\" data-id=\"c3c36e0\" data-element_type=\"widget\" data-widget_type=\"egovenzfeaturebox.default\">\n\t\t\t\t<div class=\"elementor-widget-container feature-box-wrapper shortcode-rand-3 egovenz-inline-css\" data-css=\"&quot;.shortcode-rand-3.feature-box-wrapper .feature-box-inner &gt; *:nth-child(1), .shortcode-rand-3.feature-box-wrapper &gt; .media &gt; .media-body &gt; *:nth-child(1) { margin-bottom: 10px; }&quot;\">\r\n\t\t\t<div class=\"media\"><div class=\"media-icon-part\"><div class=\"feature-box-icon\"><span class=\"text-center icon-theme-color squared ti-mobile\"><\/span><\/div><\/div><div class=\"media-body\"><div class=\"fbox-content\">Conservation Programme: K\u0119stutis Masaitis<\/br>\nTel. (8 5) 212 2535<\/br>\nEmail: k.masaitis@vsaa.lt<\/div><\/div><!-- .media-body --><\/div><!-- .media -->\t\t<\/div>\r\n\t\t\t\t<\/div>\n\t\t\t\t<div class=\"elementor-element elementor-element-d45cdd8 elementor-widget elementor-widget-egovenzfeaturebox\" data-id=\"d45cdd8\" data-element_type=\"widget\" data-widget_type=\"egovenzfeaturebox.default\">\n\t\t\t\t<div class=\"elementor-widget-container feature-box-wrapper shortcode-rand-4 egovenz-inline-css\" data-css=\"&quot;.shortcode-rand-4.feature-box-wrapper .feature-box-inner &gt; *:nth-child(1), .shortcode-rand-4.feature-box-wrapper &gt; .media &gt; .media-body &gt; *:nth-child(1) { margin-bottom: 10px; }&quot;\">\r\n\t\t\t<div class=\"media\"><div class=\"media-icon-part\"><div class=\"feature-box-icon\"><span class=\"text-center icon-theme-color squared ti-mobile\"><\/span><\/div><\/div><div class=\"media-body\"><div class=\"fbox-content\">Administration and Crafts' Programme: Irena Sakalauskien\u0117<\/br>\nTel. +370 674 49240<\/br>\nEmail: i.sakalauskiene@vsaa.lt<\/div><\/div><!-- .media-body --><\/div><!-- .media -->\t\t<\/div>\r\n\t\t\t\t<\/div>\n\t\t\t\t<div class=\"elementor-element elementor-element-4083da54 elementor-widget elementor-widget-egovenzfeaturebox\" data-id=\"4083da54\" data-element_type=\"widget\" data-widget_type=\"egovenzfeaturebox.default\">\n\t\t\t\t<div class=\"elementor-widget-container feature-box-wrapper shortcode-rand-5 egovenz-inline-css\" data-css=\"&quot;.shortcode-rand-5.feature-box-wrapper .feature-box-inner &gt; *:nth-child(1), .shortcode-rand-5.feature-box-wrapper &gt; .media &gt; .media-body &gt; *:nth-child(1) { margin-bottom: 10px; }&quot;\">\r\n\t\t\t<div class=\"media\"><div class=\"media-icon-part\"><div class=\"feature-box-icon\"><span class=\"text-center icon-theme-color squared ti-mobile\"><\/span><\/div><\/div><div class=\"media-body\"><div class=\"fbox-content\">Awareness, programmes, communication: Aida \u0160telbiene <\/br>\nTel. 370 680 99800 <\/br>\nEmail: a.stelbiene@vsaa.lt<\/div><\/div><!-- .media-body --><\/div><!-- .media -->\t\t<\/div>\r\n\t\t\t\t<\/div>\n\t\t\t\t<div class=\"elementor-element elementor-element-33ccdd3 elementor-widget elementor-widget-egovenzfeaturebox\" data-id=\"33ccdd3\" data-element_type=\"widget\" data-widget_type=\"egovenzfeaturebox.default\">\n\t\t\t\t<div class=\"elementor-widget-container feature-box-wrapper shortcode-rand-6 egovenz-inline-css\" data-css=\"&quot;.shortcode-rand-6.feature-box-wrapper .feature-box-inner &gt; *:nth-child(1), .shortcode-rand-6.feature-box-wrapper &gt; .media &gt; .media-body &gt; *:nth-child(1) { margin-bottom: 10px; }&quot;\">\r\n\t\t\t<div class=\"media\"><div class=\"media-icon-part\"><div class=\"feature-box-icon\"><span class=\"text-center icon-theme-color squared ti-mobile\"><\/span><\/div><\/div><div class=\"media-body\"><div class=\"fbox-content\">Programmes and maintenance: Ri\u010dardas \u017di\u010dkus <\/br>\nTel. +370 616 02601 <\/br>\nEmail: ricardas.zickus@vsaa.lt<\/div><\/div><!-- .media-body --><\/div><!-- .media -->\t\t<\/div>\r\n\t\t\t\t<\/div>\n\t\t\t\t<div class=\"elementor-element elementor-element-457e062 elementor-widget elementor-widget-egovenzfeaturebox\" data-id=\"457e062\" data-element_type=\"widget\" data-widget_type=\"egovenzfeaturebox.default\">\n\t\t\t\t<div class=\"elementor-widget-container feature-box-wrapper shortcode-rand-7 egovenz-inline-css\" data-css=\"&quot;.shortcode-rand-7.feature-box-wrapper .feature-box-inner &gt; *:nth-child(1), .shortcode-rand-7.feature-box-wrapper &gt; .media &gt; .media-body &gt; *:nth-child(1) { margin-bottom: 10px; }&quot;\">\r\n\t\t\t<div class=\"media\"><div class=\"media-icon-part\"><div class=\"feature-box-icon\"><span class=\"text-center icon-theme-color squared ti-mobile\"><\/span><\/div><\/div><div class=\"media-body\"><div class=\"fbox-content\">Programmes and international communication: Neringa Latvyt\u0117 <\/br>\nTel. +370 620 37634 <\/br>\nEmail: neringa.latvyte@vsaa.lt<\/div><\/div><!-- .media-body --><\/div><!-- .media -->\t\t<\/div>\r\n\t\t\t\t<\/div>\n\t\t\t\t<div class=\"elementor-element elementor-element-3d2c672 elementor-widget elementor-widget-egovenzfeaturebox\" data-id=\"3d2c672\" data-element_type=\"widget\" data-widget_type=\"egovenzfeaturebox.default\">\n\t\t\t\t<div class=\"elementor-widget-container feature-box-wrapper shortcode-rand-8 egovenz-inline-css\" data-css=\"&quot;.shortcode-rand-8.feature-box-wrapper .feature-box-inner &gt; *:nth-child(1), .shortcode-rand-8.feature-box-wrapper &gt; .media &gt; .media-body &gt; *:nth-child(1) { margin-bottom: 10px; }&quot;\">\r\n\t\t\t<div class=\"media\"><div class=\"media-icon-part\"><div class=\"feature-box-icon\"><span class=\"text-center icon-theme-color squared ti-mobile\"><\/span><\/div><\/div><div class=\"media-body\"><div class=\"fbox-content\">Programmes, administration, communication: Kotryna Juzukonyt\u0117 <\/br>\nTel.  <\/br>\nEmail: kotryna.juzukonyte@vsaa.lt<\/div><\/div><!-- .media-body --><\/div><!-- .media -->\t\t<\/div>\r\n\t\t\t\t<\/div>\n\t\t\t\t\t<\/div>\n\t\t<\/div>\n\t\t\t\t<div class=\"elementor-column elementor-col-50 elementor-top-column elementor-element elementor-element-5de49fc4 pl-lg-5\" data-id=\"5de49fc4\" data-element_type=\"column\">\n\t\t\t<div class=\"elementor-widget-wrap elementor-element-populated\">\n\t\t\t\t\t\t\t\t<section class=\"elementor-section elementor-inner-section elementor-element elementor-element-20868d92 elementor-section-boxed elementor-section-height-default elementor-section-height-default\" data-id=\"20868d92\" data-element_type=\"section\">\n\t\t\t\t\t\t<div class=\"elementor-container elementor-column-gap-default\">\n\t\t\t\t\t<div class=\"elementor-column elementor-col-100 elementor-inner-column elementor-element elementor-element-119192bf\" data-id=\"119192bf\" data-element_type=\"column\">\n\t\t\t<div class=\"elementor-widget-wrap elementor-element-populated\">\n\t\t\t\t\t\t\t\t<div class=\"elementor-element elementor-element-49c0abd4 elementor-widget elementor-widget-egovenzsectiontitle\" data-id=\"49c0abd4\" data-element_type=\"widget\" data-widget_type=\"egovenzsectiontitle.default\">\n\t\t\t\t<div class=\"elementor-widget-container\">\n\t\t\t<div class=\"section-title-wrapper\"><div class=\"title-wrap\"><h3 class=\"section-title\">Write us a message<\/h3><span class=\"title-separator separator-border theme-color-bg\"><\/span><\/div><!-- .title-wrap --><div class=\"section-description\"><\/div><!-- .section-description --><\/div><!-- .section-title-wrapper -->\t\t<\/div>\n\t\t\t\t<\/div>\n\t\t\t\t<div class=\"elementor-element elementor-element-472f461e elementor-widget elementor-widget-contactform\" data-id=\"472f461e\" data-element_type=\"widget\" data-widget_type=\"contactform.default\">\n\t\t\t\t<div class=\"elementor-widget-container\">\n\t\t\t<div class=\"contact-form-wrapper cf-classic-pro\"><div class=\"contact-form\">\n<div class=\"wpcf7 no-js\" id=\"wpcf7-f14903-o1\" lang=\"en-US\" dir=\"ltr\">\n<div class=\"screen-reader-response\"><p role=\"status\" aria-live=\"polite\" aria-atomic=\"true\"><\/p> <ul><\/ul><\/div>\n<form action=\"\/en\/wp-json\/wp\/v2\/pages\/21949#wpcf7-f14903-o1\" method=\"post\" class=\"wpcf7-form init\" aria-label=\"Contact form\" novalidate=\"novalidate\" data-status=\"init\">\n<div style=\"display: none;\">\n<input type=\"hidden\" name=\"_wpcf7\" value=\"14903\" \/>\n<input type=\"hidden\" name=\"_wpcf7_version\" value=\"5.7.7\" \/>\n<input type=\"hidden\" name=\"_wpcf7_locale\" value=\"en_US\" \/>\n<input type=\"hidden\" name=\"_wpcf7_unit_tag\" value=\"wpcf7-f14903-o1\" \/>\n<input type=\"hidden\" name=\"_wpcf7_container_post\" value=\"0\" \/>\n<input type=\"hidden\" name=\"_wpcf7_posted_data_hash\" value=\"\" \/>\n<input type=\"hidden\" name=\"_wpcf7_recaptcha_response\" value=\"\" \/>\n<\/div>\n<div class=\"row margin-bottom-30\">\n\t<div class=\"col-md-6 col-sm-12\">\n\t\t<p><span class=\"wpcf7-form-control-wrap\" data-name=\"your-name\"><input size=\"40\" class=\"wpcf7-form-control wpcf7-text wpcf7-validates-as-required\" aria-required=\"true\" aria-invalid=\"false\" placeholder=\"Your Name\" value=\"\" type=\"text\" name=\"your-name\" \/><\/span>\n\t\t<\/p>\n\t<\/div>\n\t<div class=\"col-md-6 col-sm-12\">\n\t\t<p><span class=\"wpcf7-form-control-wrap\" data-name=\"your-email\"><input size=\"40\" class=\"wpcf7-form-control wpcf7-text wpcf7-email wpcf7-validates-as-required wpcf7-validates-as-email\" aria-required=\"true\" aria-invalid=\"false\" placeholder=\"Your Email\" value=\"\" type=\"email\" name=\"your-email\" \/><\/span>\n\t\t<\/p>\n\t<\/div>\n<\/div>\n<p><span class=\"wpcf7-form-control-wrap\" data-name=\"your-subject\"><input size=\"40\" class=\"wpcf7-form-control wpcf7-text\" aria-invalid=\"false\" placeholder=\"Subject\" value=\"\" type=\"text\" name=\"your-subject\" \/><\/span>\n<\/p>\n<p><span class=\"wpcf7-form-control-wrap\" data-name=\"your-message\"><textarea cols=\"40\" rows=\"10\" class=\"wpcf7-form-control wpcf7-textarea\" aria-invalid=\"false\" placeholder=\"Your Complaints\" name=\"your-message\"><\/textarea><\/span>\n<\/p>\n<p><span class=\"submit-icon\"><input class=\"wpcf7-form-control has-spinner wpcf7-submit icon-button\" id=\"form-submit\" type=\"submit\" value=\"Send\" \/><\/span>\n<\/p><div class=\"wpcf7-response-output\" aria-hidden=\"true\"><\/div>\n<\/form>\n<\/div>\n<\/div><!-- .contact-form --><\/div><!-- .contact-form-wrapper -->\t\t<\/div>\n\t\t\t\t<\/div>\n\t\t\t\t\t<\/div>\n\t\t<\/div>\n\t\t\t\t\t\t\t<\/div>\n\t\t<\/section>\n\t\t\t\t<div class=\"elementor-element elementor-element-d54b65a elementor-widget elementor-widget-egovenzfeaturebox\" data-id=\"d54b65a\" data-element_type=\"widget\" data-widget_type=\"egovenzfeaturebox.default\">\n\t\t\t\t<div class=\"elementor-widget-container feature-box-wrapper shortcode-rand-9 egovenz-inline-css\" data-css=\"&quot;.shortcode-rand-9.feature-box-wrapper .feature-box-inner &gt; *:nth-child(1), .shortcode-rand-9.feature-box-wrapper &gt; .media &gt; .media-body &gt; *:nth-child(1) { margin-bottom: 10px; }&quot;\">\r\n\t\t\t<div class=\"media\"><div class=\"media-icon-part\"><div class=\"feature-box-icon\"><span class=\"text-center icon-theme-color squared ti-mobile\"><\/span><\/div><\/div><div class=\"media-body\"><div class=\"fbox-content\">Programmes and education: Jurga Jackevi\u010di\u016bt\u0117 <\/br>\nTel. +370 663 53322  <\/br>\nEmail:  jurga.jackeviciute@vsaa.lt<\/div><\/div><!-- .media-body --><\/div><!-- .media -->\t\t<\/div>\r\n\t\t\t\t<\/div>\n\t\t\t\t\t<\/div>\n\t\t<\/div>\n\t\t\t\t\t\t\t<\/div>\n\t\t<\/section>\n\t\t\t\t\t\t\t<\/div>\n\t\t","protected":false},"excerpt":{"rendered":"<p>Contacts Director Juozapas Bla\u017ei\u016bnas Tel. +370 689 71098 Email: j.blaziunas@vsaa.lt Projects, international communication: J\u016brat\u0117 Raugalien\u0117 Tel. +370 601 05488 Email: j.raugaliene@vsaa.lt Conservation Programme: K\u0119stutis Masaitis Tel. (8 5) 212 2535 Email: k.masaitis@vsaa.lt Administration and Crafts&#8217; Programme: Irena Sakalauskien\u0117 Tel. +370 674 49240 Email: i.sakalauskiene@vsaa.lt Awareness, programmes, communication: Aida \u0160telbiene Tel. 370 680 99800 Email: a.stelbiene@vsaa.lt<\/p>\n","protected":false},"author":1,"featured_media":0,"parent":0,"menu_order":0,"comment_status":"closed","ping_status":"closed","template":"elementor_theme","meta":{"footnotes":""},"class_list":["post-21949","page","type-page","status-publish","hentry"],"_links":{"self":[{"href":"https:\/\/www.vsaa.lt\/en\/wp-json\/wp\/v2\/pages\/21949","targetHints":{"allow":["GET"]}}],"collection":[{"href":"https:\/\/www.vsaa.lt\/en\/wp-json\/wp\/v2\/pages"}],"about":[{"href":"https:\/\/www.vsaa.lt\/en\/wp-json\/wp\/v2\/types\/page"}],"author":[{"embeddable":true,"href":"https:\/\/www.vsaa.lt\/en\/wp-json\/wp\/v2\/users\/1"}],"replies":[{"embeddable":true,"href":"https:\/\/www.vsaa.lt\/en\/wp-json\/wp\/v2\/comments?post=21949"}],"version-history":[{"count":79,"href":"https:\/\/www.vsaa.lt\/en\/wp-json\/wp\/v2\/pages\/21949\/revisions"}],"predecessor-version":[{"id":27334,"href":"https:\/\/www.vsaa.lt\/en\/wp-json\/wp\/v2\/pages\/21949\/revisions\/27334"}],"wp:attachment":[{"href":"https:\/\/www.vsaa.lt\/en\/wp-json\/wp\/v2\/media?parent=21949"}],"curies":[{"name":"wp","href":"https:\/\/api.w.org\/{rel}","templated":true}]}}