{"id":24183,"date":"2023-02-03T13:49:20","date_gmt":"2023-02-03T13:49:20","guid":{"rendered":"https:\/\/www.vsaa.lt\/?page_id=24183"},"modified":"2023-02-15T14:43:08","modified_gmt":"2023-02-15T14:43:08","slug":"news","status":"publish","type":"page","link":"https:\/\/www.vsaa.lt\/en\/news\/","title":{"rendered":"News"},"content":{"rendered":"\t\t<div data-elementor-type=\"wp-page\" data-elementor-id=\"24183\" class=\"elementor elementor-24183\" data-elementor-post-type=\"page\">\n\t\t\t\t\t\t\t\t\t<section class=\"elementor-section elementor-top-section elementor-element elementor-element-639de3c elementor-section-boxed elementor-section-height-default elementor-section-height-default\" data-id=\"639de3c\" data-element_type=\"section\">\n\t\t\t\t\t\t<div class=\"elementor-container elementor-column-gap-default\">\n\t\t\t\t\t<div class=\"elementor-column elementor-col-66 elementor-top-column elementor-element elementor-element-927dba6\" data-id=\"927dba6\" data-element_type=\"column\">\n\t\t\t<div class=\"elementor-widget-wrap elementor-element-populated\">\n\t\t\t\t\t\t\t\t<div class=\"elementor-element elementor-element-1b3719d elementor-grid-2 elementor-grid-tablet-2 elementor-grid-mobile-1 elementor-posts--thumbnail-top elementor-card-shadow-yes elementor-posts__hover-gradient elementor-widget elementor-widget-posts\" data-id=\"1b3719d\" data-element_type=\"widget\" data-settings=\"{&quot;cards_columns&quot;:&quot;2&quot;,&quot;pagination_type&quot;:&quot;numbers&quot;,&quot;cards_columns_tablet&quot;:&quot;2&quot;,&quot;cards_columns_mobile&quot;:&quot;1&quot;,&quot;cards_row_gap&quot;:{&quot;unit&quot;:&quot;px&quot;,&quot;size&quot;:35,&quot;sizes&quot;:[]},&quot;cards_row_gap_tablet&quot;:{&quot;unit&quot;:&quot;px&quot;,&quot;size&quot;:&quot;&quot;,&quot;sizes&quot;:[]},&quot;cards_row_gap_mobile&quot;:{&quot;unit&quot;:&quot;px&quot;,&quot;size&quot;:&quot;&quot;,&quot;sizes&quot;:[]}}\" data-widget_type=\"posts.cards\">\n\t\t\t\t<div class=\"elementor-widget-container\">\n\t\t\t<link rel=\"stylesheet\" href=\"https:\/\/www.vsaa.lt\/wp-content\/plugins\/elementor-pro\/assets\/css\/widget-posts.min.css\">\t\t<div class=\"elementor-posts-container elementor-posts elementor-posts--skin-cards elementor-grid\">\n\t\t\t\t<article class=\"elementor-post elementor-grid-item post-28752 post type-post status-publish format-standard has-post-thumbnail hentry category-international-cooperation\">\n\t\t\t<div class=\"elementor-post__card\">\n\t\t\t\t<a class=\"elementor-post__thumbnail__link\" href=\"https:\/\/www.vsaa.lt\/en\/international-cooperation\/exhibition-about-vilnius-old-town-in-warsaw\/\" tabindex=\"-1\" ><div class=\"elementor-post__thumbnail\"><img fetchpriority=\"high\" decoding=\"async\" width=\"768\" height=\"456\" src=\"https:\/\/www.vsaa.lt\/wp-content\/uploads\/2026\/04\/04-15-2026_03-768x456.jpg\" class=\"attachment-medium size-medium wp-image-28683\" alt=\"\" srcset=\"https:\/\/www.vsaa.lt\/wp-content\/uploads\/2026\/04\/04-15-2026_03-768x456.jpg 768w, https:\/\/www.vsaa.lt\/wp-content\/uploads\/2026\/04\/04-15-2026_03-1170x694.jpg 1170w\" sizes=\"(max-width: 768px) 100vw, 768px\" \/><\/div><\/a>\n\t\t\t\t<div class=\"elementor-post__text\">\n\t\t\t\t<h3 class=\"elementor-post__title\">\n\t\t\t<a href=\"https:\/\/www.vsaa.lt\/en\/international-cooperation\/exhibition-about-vilnius-old-town-in-warsaw\/\" >\n\t\t\t\tExhibition about Vilnius Historic Center opened in Warsaw\t\t\t<\/a>\n\t\t<\/h3>\n\t\t\t\t<div class=\"elementor-post__excerpt\">\n\t\t\t<p>On April 8, 2026, the Vilnius Old Town Renewal Agency\u2019s exhibition \u201cVilnius Historic Center \u2013 World Heritage. 30 Years on the UNESCO World Heritage List.\u201d<\/p>\n\t\t<\/div>\n\t\t\n\t\t<a class=\"elementor-post__read-more\" href=\"https:\/\/www.vsaa.lt\/en\/international-cooperation\/exhibition-about-vilnius-old-town-in-warsaw\/\" aria-label=\"Read more about Exhibition about Vilnius Historic Center opened in Warsaw\" tabindex=\"-1\" >\n\t\t\tRead more \u00bb\t\t<\/a>\n\n\t\t\t\t<\/div>\n\t\t\t\t<div class=\"elementor-post__meta-data\">\n\t\t\t\t\t<span class=\"elementor-post-date\">\n\t\t\t2026-04-21\t\t<\/span>\n\t\t\t\t<\/div>\n\t\t\t\t\t<\/div>\n\t\t<\/article>\n\t\t\t\t<article class=\"elementor-post elementor-grid-item post-28272 post type-post status-publish format-standard has-post-thumbnail hentry category-international-cooperation\">\n\t\t\t<div class=\"elementor-post__card\">\n\t\t\t\t<a class=\"elementor-post__thumbnail__link\" href=\"https:\/\/www.vsaa.lt\/en\/international-cooperation\/regional-conference-2025-for-central-and-eastern-europe-in-krakow-and-banska-stiavnica\/\" tabindex=\"-1\" ><div class=\"elementor-post__thumbnail\"><img decoding=\"async\" width=\"768\" height=\"456\" src=\"https:\/\/www.vsaa.lt\/wp-content\/uploads\/2025\/11\/Krakow-regional-conference-1-768x456.jpg\" class=\"attachment-medium size-medium wp-image-28275\" alt=\"\" \/><\/div><\/a>\n\t\t\t\t<div class=\"elementor-post__text\">\n\t\t\t\t<h3 class=\"elementor-post__title\">\n\t\t\t<a href=\"https:\/\/www.vsaa.lt\/en\/international-cooperation\/regional-conference-2025-for-central-and-eastern-europe-in-krakow-and-banska-stiavnica\/\" >\n\t\t\t\tRegional Conference 2025 for Central and Eastern Europe in Krak\u00f3w and Bansk\u00e1 \u0160tiavnica\t\t\t<\/a>\n\t\t<\/h3>\n\t\t\t\t<div class=\"elementor-post__excerpt\">\n\t\t\t<p>On\u00a021\u201324 October 2025, the\u00a015th Regional Conference of the Organization of World Heritage Cities (OWHC) for the Regional Secretariat of Central and Eastern Europe\u00a0took place in<\/p>\n\t\t<\/div>\n\t\t\n\t\t<a class=\"elementor-post__read-more\" href=\"https:\/\/www.vsaa.lt\/en\/international-cooperation\/regional-conference-2025-for-central-and-eastern-europe-in-krakow-and-banska-stiavnica\/\" aria-label=\"Read more about Regional Conference 2025 for Central and Eastern Europe in Krak\u00f3w and Bansk\u00e1 \u0160tiavnica\" tabindex=\"-1\" >\n\t\t\tRead more \u00bb\t\t<\/a>\n\n\t\t\t\t<\/div>\n\t\t\t\t<div class=\"elementor-post__meta-data\">\n\t\t\t\t\t<span class=\"elementor-post-date\">\n\t\t\t2025-11-06\t\t<\/span>\n\t\t\t\t<\/div>\n\t\t\t\t\t<\/div>\n\t\t<\/article>\n\t\t\t\t<article class=\"elementor-post elementor-grid-item post-28266 post type-post status-publish format-standard has-post-thumbnail hentry category-news-cat\">\n\t\t\t<div class=\"elementor-post__card\">\n\t\t\t\t<a class=\"elementor-post__thumbnail__link\" href=\"https:\/\/www.vsaa.lt\/en\/news-cat\/regional-conference-for-northwest-europe-and-north-america-in-luxembourg\/\" tabindex=\"-1\" ><div class=\"elementor-post__thumbnail\"><img decoding=\"async\" width=\"768\" height=\"456\" src=\"https:\/\/www.vsaa.lt\/wp-content\/uploads\/2025\/11\/Liuksemburg_bendra-foto-768x456.jpg\" class=\"attachment-medium size-medium wp-image-28267\" alt=\"\" \/><\/div><\/a>\n\t\t\t\t<div class=\"elementor-post__text\">\n\t\t\t\t<h3 class=\"elementor-post__title\">\n\t\t\t<a href=\"https:\/\/www.vsaa.lt\/en\/news-cat\/regional-conference-for-northwest-europe-and-north-america-in-luxembourg\/\" >\n\t\t\t\tRegional Conference for Northwest Europe and North America in Luxembourg\t\t\t<\/a>\n\t\t<\/h3>\n\t\t\t\t<div class=\"elementor-post__excerpt\">\n\t\t\t<p>From 22-25 September 2025, representatives from 21 cities (including Vilnius) took part in the OWHC Regional Conference for Northwest Europe and North America in Luxembourg.<\/p>\n\t\t<\/div>\n\t\t\n\t\t<a class=\"elementor-post__read-more\" href=\"https:\/\/www.vsaa.lt\/en\/news-cat\/regional-conference-for-northwest-europe-and-north-america-in-luxembourg\/\" aria-label=\"Read more about Regional Conference for Northwest Europe and North America in Luxembourg\" tabindex=\"-1\" >\n\t\t\tRead more \u00bb\t\t<\/a>\n\n\t\t\t\t<\/div>\n\t\t\t\t<div class=\"elementor-post__meta-data\">\n\t\t\t\t\t<span class=\"elementor-post-date\">\n\t\t\t2025-11-06\t\t<\/span>\n\t\t\t\t<\/div>\n\t\t\t\t\t<\/div>\n\t\t<\/article>\n\t\t\t\t<article class=\"elementor-post elementor-grid-item post-27911 post type-post status-publish format-standard has-post-thumbnail hentry\">\n\t\t\t<div class=\"elementor-post__card\">\n\t\t\t\t<a class=\"elementor-post__thumbnail__link\" href=\"https:\/\/www.vsaa.lt\/en\/uncategorized\/lecture-yivo-during-world-war-ii\/\" tabindex=\"-1\" ><div class=\"elementor-post__thumbnail\"><img loading=\"lazy\" decoding=\"async\" width=\"768\" height=\"456\" src=\"https:\/\/www.vsaa.lt\/wp-content\/uploads\/2025\/06\/Fishman-paskaita-768x456.jpg\" class=\"attachment-medium size-medium wp-image-27909\" alt=\"\" \/><\/div><\/a>\n\t\t\t\t<div class=\"elementor-post__text\">\n\t\t\t\t<h3 class=\"elementor-post__title\">\n\t\t\t<a href=\"https:\/\/www.vsaa.lt\/en\/uncategorized\/lecture-yivo-during-world-war-ii\/\" >\n\t\t\t\tLecture \u201cYIVO During World War II\u201d\t\t\t<\/a>\n\t\t<\/h3>\n\t\t\t\t<div class=\"elementor-post__excerpt\">\n\t\t\t<p>The lecture \u201cYIVO During World War II\u201d by Professor David E. Fishman took place on June 17th at the Agency. This lecture is part of<\/p>\n\t\t<\/div>\n\t\t\n\t\t<a class=\"elementor-post__read-more\" href=\"https:\/\/www.vsaa.lt\/en\/uncategorized\/lecture-yivo-during-world-war-ii\/\" aria-label=\"Read more about Lecture \u201cYIVO During World War II\u201d\" tabindex=\"-1\" >\n\t\t\tRead more \u00bb\t\t<\/a>\n\n\t\t\t\t<\/div>\n\t\t\t\t<div class=\"elementor-post__meta-data\">\n\t\t\t\t\t<span class=\"elementor-post-date\">\n\t\t\t2025-06-05\t\t<\/span>\n\t\t\t\t<\/div>\n\t\t\t\t\t<\/div>\n\t\t<\/article>\n\t\t\t\t<article class=\"elementor-post elementor-grid-item post-27890 post type-post status-publish format-standard has-post-thumbnail hentry category-community-engagement category-education category-old-town category-projects\">\n\t\t\t<div class=\"elementor-post__card\">\n\t\t\t\t<a class=\"elementor-post__thumbnail__link\" href=\"https:\/\/www.vsaa.lt\/en\/community-engagement\/vilnius-culture-night\/\" tabindex=\"-1\" ><div class=\"elementor-post__thumbnail\"><img loading=\"lazy\" decoding=\"async\" width=\"768\" height=\"456\" src=\"https:\/\/www.vsaa.lt\/wp-content\/uploads\/2025\/06\/kulturos-naktis-768x456.jpg\" class=\"attachment-medium size-medium wp-image-27861\" alt=\"\" \/><\/div><\/a>\n\t\t\t\t<div class=\"elementor-post__text\">\n\t\t\t\t<h3 class=\"elementor-post__title\">\n\t\t\t<a href=\"https:\/\/www.vsaa.lt\/en\/community-engagement\/vilnius-culture-night\/\" >\n\t\t\t\tVilnius Culture Night\t\t\t<\/a>\n\t\t<\/h3>\n\t\t\t\t<div class=\"elementor-post__excerpt\">\n\t\t\t<p>June 13, 2025 Vilnius Old Town becomes a creative scene. Please come to the Stikli\u0173 St. 4 courtyard. CULTURE NIGHT invites you to a lively<\/p>\n\t\t<\/div>\n\t\t\n\t\t<a class=\"elementor-post__read-more\" href=\"https:\/\/www.vsaa.lt\/en\/community-engagement\/vilnius-culture-night\/\" aria-label=\"Read more about Vilnius Culture Night\" tabindex=\"-1\" >\n\t\t\tRead more \u00bb\t\t<\/a>\n\n\t\t\t\t<\/div>\n\t\t\t\t<div class=\"elementor-post__meta-data\">\n\t\t\t\t\t<span class=\"elementor-post-date\">\n\t\t\t2025-06-04\t\t<\/span>\n\t\t\t\t<\/div>\n\t\t\t\t\t<\/div>\n\t\t<\/article>\n\t\t\t\t<article class=\"elementor-post elementor-grid-item post-27886 post type-post status-publish format-standard has-post-thumbnail hentry category-education category-news-cat category-old-town category-projects\">\n\t\t\t<div class=\"elementor-post__card\">\n\t\t\t\t<a class=\"elementor-post__thumbnail__link\" href=\"https:\/\/www.vsaa.lt\/en\/news-cat\/rendez-vous-in-the-park\/\" tabindex=\"-1\" ><div class=\"elementor-post__thumbnail\"><img loading=\"lazy\" decoding=\"async\" width=\"768\" height=\"456\" src=\"https:\/\/www.vsaa.lt\/wp-content\/uploads\/2025\/06\/parke-768x456.jpg\" class=\"attachment-medium size-medium wp-image-27865\" alt=\"\" \/><\/div><\/a>\n\t\t\t\t<div class=\"elementor-post__text\">\n\t\t\t\t<h3 class=\"elementor-post__title\">\n\t\t\t<a href=\"https:\/\/www.vsaa.lt\/en\/news-cat\/rendez-vous-in-the-park\/\" >\n\t\t\t\tRendez-vous in the park\t\t\t<\/a>\n\t\t<\/h3>\n\t\t\t\t<div class=\"elementor-post__excerpt\">\n\t\t\t<p>&#8220;Rendez-vous aux jardins&#8221; (Rendez-vous in the park) is an annual event launched by the French Ministry of Culture in 2003 and held throughout Europe in<\/p>\n\t\t<\/div>\n\t\t\n\t\t<a class=\"elementor-post__read-more\" href=\"https:\/\/www.vsaa.lt\/en\/news-cat\/rendez-vous-in-the-park\/\" aria-label=\"Read more about Rendez-vous in the park\" tabindex=\"-1\" >\n\t\t\tRead more \u00bb\t\t<\/a>\n\n\t\t\t\t<\/div>\n\t\t\t\t<div class=\"elementor-post__meta-data\">\n\t\t\t\t\t<span class=\"elementor-post-date\">\n\t\t\t2025-06-04\t\t<\/span>\n\t\t\t\t<\/div>\n\t\t\t\t\t<\/div>\n\t\t<\/article>\n\t\t\t\t<\/div>\n\t\t\n\t\t\t\t<div class=\"e-load-more-anchor\" data-page=\"1\" data-max-page=\"27\" data-next-page=\"https:\/\/www.vsaa.lt\/en\/wp-json\/wp\/v2\/pages\/24183\/page\/2\/\"><\/div>\n\t\t\t\t<nav class=\"elementor-pagination\" aria-label=\"Pagination\">\n\t\t\t<span aria-current=\"page\" class=\"page-numbers current\"><span class=\"elementor-screen-only\">Page<\/span>1<\/span>\n<a class=\"page-numbers\" href=\"https:\/\/www.vsaa.lt\/en\/wp-json\/wp\/v2\/pages\/24183\/page\/2\/\"><span class=\"elementor-screen-only\">Page<\/span>2<\/a>\n<a class=\"page-numbers\" href=\"https:\/\/www.vsaa.lt\/en\/wp-json\/wp\/v2\/pages\/24183\/page\/3\/\"><span class=\"elementor-screen-only\">Page<\/span>3<\/a>\n<a class=\"page-numbers\" href=\"https:\/\/www.vsaa.lt\/en\/wp-json\/wp\/v2\/pages\/24183\/page\/4\/\"><span class=\"elementor-screen-only\">Page<\/span>4<\/a>\n<a class=\"page-numbers\" href=\"https:\/\/www.vsaa.lt\/en\/wp-json\/wp\/v2\/pages\/24183\/page\/5\/\"><span class=\"elementor-screen-only\">Page<\/span>5<\/a>\t\t<\/nav>\n\t\t\t\t<\/div>\n\t\t\t\t<\/div>\n\t\t\t\t\t<\/div>\n\t\t<\/div>\n\t\t\t\t<div class=\"elementor-column elementor-col-33 elementor-top-column elementor-element elementor-element-171bbb3\" data-id=\"171bbb3\" data-element_type=\"column\">\n\t\t\t<div class=\"elementor-widget-wrap elementor-element-populated\">\n\t\t\t\t\t\t\t\t<div class=\"elementor-element elementor-element-d32109b elementor-widget elementor-widget-sidebar\" data-id=\"d32109b\" data-element_type=\"widget\" data-widget_type=\"sidebar.default\">\n\t\t\t\t<div class=\"elementor-widget-container\">\n\t\t\t<section id=\"categories-2\" class=\"widget widget_categories\"><h3 class=\"widget-title\">Categories<\/h3><form action=\"https:\/\/www.vsaa.lt\/en\/\" method=\"get\"><label class=\"screen-reader-text\" for=\"cat\">Categories<\/label><select  name='cat' id='cat' class='postform'>\n\t<option value='-1'>Select Category<\/option>\n\t<option class=\"level-0\" value=\"53\">Community engagement<\/option>\n\t<option class=\"level-0\" value=\"59\">Crafts<\/option>\n\t<option class=\"level-0\" value=\"65\">Education<\/option>\n\t<option class=\"level-0\" value=\"63\">Financial Support<\/option>\n\t<option class=\"level-0\" value=\"58\">International Cooperation<\/option>\n\t<option class=\"level-0\" value=\"3\">News<\/option>\n\t<option class=\"level-0\" value=\"61\">Old Town<\/option>\n\t<option class=\"level-0\" value=\"60\">Projects<\/option>\n\t<option class=\"level-0\" value=\"62\">Renewal<\/option>\n\t<option class=\"level-0\" value=\"5\">Uncategorized<\/option>\n<\/select>\n<\/form><script type=\"text\/javascript\">\n\/* <![CDATA[ *\/\n\n( ( dropdownId ) => {\n\tconst dropdown = document.getElementById( dropdownId );\n\tfunction onSelectChange() {\n\t\tsetTimeout( () => {\n\t\t\tif ( 'escape' === dropdown.dataset.lastkey ) {\n\t\t\t\treturn;\n\t\t\t}\n\t\t\tif ( dropdown.value && parseInt( dropdown.value ) > 0 && dropdown instanceof HTMLSelectElement ) {\n\t\t\t\tdropdown.parentElement.submit();\n\t\t\t}\n\t\t}, 250 );\n\t}\n\tfunction onKeyUp( event ) {\n\t\tif ( 'Escape' === event.key ) {\n\t\t\tdropdown.dataset.lastkey = 'escape';\n\t\t} else {\n\t\t\tdelete dropdown.dataset.lastkey;\n\t\t}\n\t}\n\tfunction onClick() {\n\t\tdelete dropdown.dataset.lastkey;\n\t}\n\tdropdown.addEventListener( 'keyup', onKeyUp );\n\tdropdown.addEventListener( 'click', onClick );\n\tdropdown.addEventListener( 'change', onSelectChange );\n})( \"cat\" );\n\n\/\/# sourceURL=WP_Widget_Categories%3A%3Awidget\n\/* ]]> *\/\n<\/script>\n<\/section>\t\t<\/div>\n\t\t\t\t<\/div>\n\t\t\t\t\t<\/div>\n\t\t<\/div>\n\t\t\t\t\t\t\t<\/div>\n\t\t<\/section>\n\t\t\t\t\t\t\t<\/div>\n\t\t","protected":false},"excerpt":{"rendered":"","protected":false},"author":1,"featured_media":0,"parent":0,"menu_order":0,"comment_status":"closed","ping_status":"closed","template":"","meta":{"footnotes":""},"class_list":["post-24183","page","type-page","status-publish","hentry"],"_links":{"self":[{"href":"https:\/\/www.vsaa.lt\/en\/wp-json\/wp\/v2\/pages\/24183","targetHints":{"allow":["GET"]}}],"collection":[{"href":"https:\/\/www.vsaa.lt\/en\/wp-json\/wp\/v2\/pages"}],"about":[{"href":"https:\/\/www.vsaa.lt\/en\/wp-json\/wp\/v2\/types\/page"}],"author":[{"embeddable":true,"href":"https:\/\/www.vsaa.lt\/en\/wp-json\/wp\/v2\/users\/1"}],"replies":[{"embeddable":true,"href":"https:\/\/www.vsaa.lt\/en\/wp-json\/wp\/v2\/comments?post=24183"}],"version-history":[{"count":4,"href":"https:\/\/www.vsaa.lt\/en\/wp-json\/wp\/v2\/pages\/24183\/revisions"}],"predecessor-version":[{"id":24187,"href":"https:\/\/www.vsaa.lt\/en\/wp-json\/wp\/v2\/pages\/24183\/revisions\/24187"}],"wp:attachment":[{"href":"https:\/\/www.vsaa.lt\/en\/wp-json\/wp\/v2\/media?parent=24183"}],"curies":[{"name":"wp","href":"https:\/\/api.w.org\/{rel}","templated":true}]}}