{"id":26940,"date":"2024-08-20T07:28:59","date_gmt":"2024-08-20T07:28:59","guid":{"rendered":"https:\/\/www.vsaa.lt\/?page_id=26940"},"modified":"2024-09-16T08:31:02","modified_gmt":"2024-09-16T08:31:02","slug":"wall-paintings","status":"publish","type":"page","link":"https:\/\/www.vsaa.lt\/en\/wall-paintings\/","title":{"rendered":"Wall Paintings"},"content":{"rendered":"<p>As part of the Vilnius Old Town Revitalisation Programme, wall painting fragments have been restored on Bernardin\u0173, \u017demaitijos, and Dominikon\u0173 Streets, at the Gates of Dawn (from the Bazilijon\u0173 Street side), as well as on the facades of the Bonifratr\u0173 Church, the Chapel of St. Lawrence (Franciscan Church), and the Chodkiewicz Palace (Picture Gallery).<\/p>\n<p>The research, uncovering, conservation, and restoration of the 16th-century wall paintings on the northern nave of <strong>Bernardines<\/strong><strong>\u00a0Church<\/strong> began in 1993 and continued intermittently until 2010. You can read more about this in the article (in Lithuanian language): <a href=\"https:\/\/leidykla.vda.lt\/Files\/file\/Acta%2077_78\/Acta_77_78_net_07_J_A_Pilipavici.pdf\">Acta 77\/78<\/a>.<br \/>\nBetween 2020 and 2021, based on a bilateral agreement between Lithuania and Poland on cultural heritage cooperation, unique conservation and restoration work was carried out on the presbytery frescoes and polychrome decorations of the Church of St. Francis and St. Bernard<strong> (Bernardines)<\/strong> in Vilnius.<br \/>\nIn 2022, wall paintings, vaults, windows, and the main doors of <strong>St. Theresa\u2019s Church<\/strong> were restored.<br \/>\nBy 2024, the restoration of the vaults of<strong> the Franciscan Church<\/strong> was completed, partially funded by the Ministry of Culture of the Republic of Poland.<br \/>\nAll these wall painting restoration efforts significantly contribute to preserving the authenticity of Vilnius\u2019 Old Town, ensuring that these historical treasures are passed down to future generations.<br \/>\n<img fetchpriority=\"high\" decoding=\"async\" class=\"alignnone size-medium wp-image-27065\" src=\"https:\/\/www.vsaa.lt\/wp-content\/uploads\/2024\/09\/20230913_120822-768x456.jpg\" alt=\"\" width=\"768\" height=\"456\" srcset=\"https:\/\/www.vsaa.lt\/wp-content\/uploads\/2024\/09\/20230913_120822-768x456.jpg 768w, https:\/\/www.vsaa.lt\/wp-content\/uploads\/2024\/09\/20230913_120822-1170x694.jpg 1170w\" sizes=\"(max-width: 768px) 100vw, 768px\" \/>The restored vaults of<strong> the Franciscan Church<\/strong><\/p>\n","protected":false},"excerpt":{"rendered":"<p>As part of the Vilnius Old Town Revitalisation Programme, wall painting fragments have been restored on Bernardin\u0173, \u017demaitijos, and Dominikon\u0173 Streets, at the Gates of Dawn (from the Bazilijon\u0173 Street side), as well as on the facades of the Bonifratr\u0173 Church, the Chapel of St. Lawrence (Franciscan Church), and the Chodkiewicz Palace (Picture Gallery). The<\/p>\n","protected":false},"author":2,"featured_media":0,"parent":0,"menu_order":0,"comment_status":"closed","ping_status":"closed","template":"","meta":{"footnotes":""},"class_list":["post-26940","page","type-page","status-publish","hentry"],"_links":{"self":[{"href":"https:\/\/www.vsaa.lt\/en\/wp-json\/wp\/v2\/pages\/26940","targetHints":{"allow":["GET"]}}],"collection":[{"href":"https:\/\/www.vsaa.lt\/en\/wp-json\/wp\/v2\/pages"}],"about":[{"href":"https:\/\/www.vsaa.lt\/en\/wp-json\/wp\/v2\/types\/page"}],"author":[{"embeddable":true,"href":"https:\/\/www.vsaa.lt\/en\/wp-json\/wp\/v2\/users\/2"}],"replies":[{"embeddable":true,"href":"https:\/\/www.vsaa.lt\/en\/wp-json\/wp\/v2\/comments?post=26940"}],"version-history":[{"count":3,"href":"https:\/\/www.vsaa.lt\/en\/wp-json\/wp\/v2\/pages\/26940\/revisions"}],"predecessor-version":[{"id":27123,"href":"https:\/\/www.vsaa.lt\/en\/wp-json\/wp\/v2\/pages\/26940\/revisions\/27123"}],"wp:attachment":[{"href":"https:\/\/www.vsaa.lt\/en\/wp-json\/wp\/v2\/media?parent=26940"}],"curies":[{"name":"wp","href":"https:\/\/api.w.org\/{rel}","templated":true}]}}